{"id":700,"date":"2018-07-05T10:14:25","date_gmt":"2018-07-05T10:14:25","guid":{"rendered":"https:\/\/english.restaurantefrutosdelmar.com\/index.php\/elements\/dividers\/"},"modified":"2018-07-05T10:14:25","modified_gmt":"2018-07-05T10:14:25","slug":"dividers","status":"publish","type":"page","link":"https:\/\/english.restaurantefrutosdelmar.com\/index.php\/elements\/dividers\/","title":{"rendered":"Dividers"},"content":{"rendered":"<section class=\"wpb-content-wrapper\"><p>[vc_row][vc_column][tm_spacer size=&#8221;lg:110&#8243;][vc_row_inner][vc_column_inner][tm_heading tag=&#8221;h5&#8243; custom_google_font=&#8221;&#8221; text=&#8221;Basic thin line&#8221;][tm_spacer size=&#8221;lg:15&#8243;][tm_heading tag=&#8221;div&#8221; custom_google_font=&#8221;&#8221; text=&#8221;Brook presents your services with flexible, convenient and multipurpose layouts. You can select your favorite layouts &amp; elements for particular projects with unlimited customization possibilities. Pixel-perfect replication of the designers is intended for both front-end &amp; back-end developers to build their pages with greater comfort thanks to the higher customizability, adaptability as well as flexibility.<br \/>\n&#8220;][tm_spacer size=&#8221;lg:95&#8243;][tm_separator style=&#8221;thin-line&#8221;][\/vc_column_inner][\/vc_row_inner][vc_row_inner][vc_column_inner][tm_spacer size=&#8221;lg:80&#8243;][tm_heading tag=&#8221;h5&#8243; custom_google_font=&#8221;&#8221; text=&#8221;Basic thick line&#8221;][tm_spacer size=&#8221;lg:15&#8243;][tm_heading tag=&#8221;div&#8221; custom_google_font=&#8221;&#8221; text=&#8221;Brook presents your services with flexible, convenient and multipurpose layouts. You can select your favorite layouts &amp; elements for particular projects with unlimited customization possibilities. Pixel-perfect replication of the designers is intended for both front-end &amp; back-end developers to build their pages with greater comfort thanks to the higher customizability, adaptability as well as flexibility.<br \/>\n&#8220;][tm_spacer size=&#8221;lg:95&#8243;][tm_separator style=&#8221;thick-line&#8221;][\/vc_column_inner][\/vc_row_inner][vc_row_inner][vc_column_inner][tm_spacer size=&#8221;lg:80&#8243;][tm_heading tag=&#8221;h5&#8243; custom_google_font=&#8221;&#8221; text=&#8221;Dash line&#8221;][tm_spacer size=&#8221;lg:15&#8243;][tm_heading tag=&#8221;div&#8221; custom_google_font=&#8221;&#8221; text=&#8221;Brook presents your services with flexible, convenient and multipurpose layouts. You can select your favorite layouts &amp; elements for particular projects with unlimited customization possibilities. Pixel-perfect replication of the designers is intended for both front-end &amp; back-end developers to build their pages with greater comfort thanks to the higher customizability, adaptability as well as flexibility.<br \/>\n&#8220;][tm_spacer size=&#8221;lg:95&#8243;][tm_separator style=&#8221;dash-line&#8221;][\/vc_column_inner][\/vc_row_inner][vc_row_inner][vc_column_inner][tm_spacer size=&#8221;lg:80&#8243;][tm_heading tag=&#8221;h5&#8243; custom_google_font=&#8221;&#8221; text=&#8221;Modern dots&#8221;][tm_spacer size=&#8221;lg:15&#8243;][tm_heading tag=&#8221;div&#8221; custom_google_font=&#8221;&#8221; text=&#8221;Brook presents your services with flexible, convenient and multipurpose layouts. You can select your favorite layouts &amp; elements for particular projects with unlimited customization possibilities. Pixel-perfect replication of the designers is intended for both front-end &amp; back-end developers to build their pages with greater comfort thanks to the higher customizability, adaptability as well as flexibility.<br \/>\n&#8220;][tm_spacer size=&#8221;lg:95&#8243;][tm_separator style=&#8221;modern-dots&#8221; align=&#8221;center&#8221; smooth_scroll=&#8221;#page-footer-wrapper&#8221;][\/vc_column_inner][\/vc_row_inner][vc_row_inner][vc_column_inner][tm_spacer size=&#8221;lg:80&#8243;][tm_heading tag=&#8221;h5&#8243; custom_google_font=&#8221;&#8221; text=&#8221;Thick short line&#8221;][tm_spacer size=&#8221;lg:15&#8243;][tm_heading tag=&#8221;div&#8221; custom_google_font=&#8221;&#8221; text=&#8221;Brook presents your services with flexible, convenient and multipurpose layouts. You can select your favorite layouts &amp; elements for particular projects with unlimited customization possibilities. Pixel-perfect replication of the designers is intended for both front-end &amp; back-end developers to build their pages with greater comfort thanks to the higher customizability, adaptability as well as flexibility.<br \/>\n&#8220;][tm_spacer size=&#8221;lg:95&#8243;][tm_separator align=&#8221;center&#8221;][\/vc_column_inner][\/vc_row_inner][vc_row_inner][vc_column_inner][tm_spacer size=&#8221;lg:80&#8243;][tm_heading tag=&#8221;div&#8221; custom_google_font=&#8221;&#8221; text=&#8221;Brook presents your services with flexible, convenient and multipurpose layouts. You can select your favorite layouts &amp; elements for particular projects with unlimited customization possibilities. Pixel-perfect replication of the designers is intended for both front-end &amp; back-end developers to build their pages with greater comfort thanks to the higher customizability, adaptability as well as flexibility.<br \/>\n&#8220;][tm_spacer size=&#8221;lg:18&#8243;][tm_heading tag=&#8221;div&#8221; custom_google_font=&#8221;&#8221; text=&#8221;Brook presents your services with flexible, convenient and multipurpose layouts. You can select your favorite layouts &amp; elements for particular projects with unlimited customization possibilities. Pixel-perfect replication of the designers is intended for both front-end &amp; back-end developers to build their pages with greater comfort thanks to the higher customizability, adaptability as well as flexibility.<br \/>\n&#8220;][\/vc_column_inner][\/vc_row_inner][tm_spacer size=&#8221;lg:110&#8221;][\/vc_column][\/vc_row]<\/p>\n<\/section>","protected":false},"excerpt":{"rendered":"<p>[vc_row][vc_column][tm_spacer size=&#8221;lg:110&#8243;][vc_row_inner][vc_column_inner][tm_heading tag=&#8221;h5&#8243; custom_google_font=&#8221;&#8221; text=&#8221;Basic thin line&#8221;][tm_spacer size=&#8221;lg:15&#8243;][tm_heading tag=&#8221;div&#8221; custom_google_font=&#8221;&#8221; text=&#8221;Brook presents your services with flexible, convenient and multipurpose layouts. You can select your favorite layouts &amp; elements for particular projects with unlimited customization possibilities. Pixel-perfect replication of the designers is intended for both front-end &amp; back-end developers to build their pages with greater comfort thanks to the higher customizability, adaptability as well as flexibility. &#8220;][tm_spacer size=&#8221;lg:95&#8243;][tm_separator style=&#8221;thin-line&#8221;][\/vc_column_inner][\/vc_row_inner][vc_row_inner][vc_column_inner][tm_spacer size=&#8221;lg:80&#8243;][tm_heading tag=&#8221;h5&#8243; custom_google_font=&#8221;&#8221; text=&#8221;Basic thick line&#8221;][tm_spacer size=&#8221;lg:15&#8243;][tm_heading tag=&#8221;div&#8221; custom_google_font=&#8221;&#8221; text=&#8221;Brook presents your services with flexible, convenient and multipurpose layouts. You can select your favorite layouts &amp; elements for particular projects with unlimited customization possibilities. Pixel-perfect replication of the designers is intended for both front-end &amp; back-end developers to build their pages with greater comfort thanks to the higher customizability, adaptability as well as flexibility. &#8220;][tm_spacer size=&#8221;lg:95&#8243;][tm_separator style=&#8221;thick-line&#8221;][\/vc_column_inner][\/vc_row_inner][vc_row_inner][vc_column_inner][tm_spacer size=&#8221;lg:80&#8243;][tm_heading tag=&#8221;h5&#8243; custom_google_font=&#8221;&#8221; text=&#8221;Dash line&#8221;][tm_spacer size=&#8221;lg:15&#8243;][tm_heading tag=&#8221;div&#8221; custom_google_font=&#8221;&#8221; text=&#8221;Brook presents your services with flexible, convenient and multipurpose layouts. You can select your favorite layouts &amp; elements for particular projects with unlimited customization possibilities. Pixel-perfect replication of the designers is intended for both front-end &amp; back-end developers to build their pages with greater comfort thanks to the higher customizability, adaptability as well as flexibility. &#8220;][tm_spacer size=&#8221;lg:95&#8243;][tm_separator style=&#8221;dash-line&#8221;][\/vc_column_inner][\/vc_row_inner][vc_row_inner][vc_column_inner][tm_spacer size=&#8221;lg:80&#8243;][tm_heading tag=&#8221;h5&#8243; custom_google_font=&#8221;&#8221; text=&#8221;Modern dots&#8221;][tm_spacer size=&#8221;lg:15&#8243;][tm_heading tag=&#8221;div&#8221; custom_google_font=&#8221;&#8221; text=&#8221;Brook presents your services with flexible, convenient and multipurpose layouts. You can select your favorite layouts &amp; elements for particular projects with unlimited customization possibilities. Pixel-perfect replication of the designers is intended for both front-end &amp; back-end developers to build their pages with greater comfort thanks to the higher customizability, adaptability as well as flexibility. &#8220;][tm_spacer size=&#8221;lg:95&#8243;][tm_separator style=&#8221;modern-dots&#8221; align=&#8221;center&#8221; smooth_scroll=&#8221;#page-footer-wrapper&#8221;][\/vc_column_inner][\/vc_row_inner][vc_row_inner][vc_column_inner][tm_spacer size=&#8221;lg:80&#8243;][tm_heading tag=&#8221;h5&#8243; custom_google_font=&#8221;&#8221; text=&#8221;Thick short line&#8221;][tm_spacer size=&#8221;lg:15&#8243;][tm_heading tag=&#8221;div&#8221; custom_google_font=&#8221;&#8221; text=&#8221;Brook presents your services with flexible, convenient and multipurpose layouts. You can select your favorite layouts &amp; elements for particular projects with unlimited customization possibilities. Pixel-perfect replication of the designers is intended for both front-end &amp; back-end developers to build their pages with greater comfort thanks to the higher customizability, adaptability as well as flexibility. &#8220;][tm_spacer size=&#8221;lg:95&#8243;][tm_separator align=&#8221;center&#8221;][\/vc_column_inner][\/vc_row_inner][vc_row_inner][vc_column_inner][tm_spacer size=&#8221;lg:80&#8243;][tm_heading tag=&#8221;div&#8221; custom_google_font=&#8221;&#8221; text=&#8221;Brook presents your services with flexible, convenient and multipurpose layouts. You can select your favorite layouts &amp; elements for particular projects with unlimited customization possibilities. Pixel-perfect replication of the designers is intended for both front-end &amp; back-end developers to build their pages with greater comfort thanks to the higher customizability, adaptability as well as flexibility. &#8220;][tm_spacer size=&#8221;lg:18&#8243;][tm_heading tag=&#8221;div&#8221; custom_google_font=&#8221;&#8221; text=&#8221;Brook presents your services with flexible, convenient and multipurpose layouts. You can select your favorite layouts &amp; elements for particular projects with unlimited customization possibilities. Pixel-perfect replication of the designers is intended for both front-end &amp; back-end developers to build their pages with greater comfort thanks to the higher customizability, adaptability as well as flexibility. &#8220;][\/vc_column_inner][\/vc_row_inner][tm_spacer size=&#8221;lg:110&#8221;][\/vc_column][\/vc_row]<\/p>\n","protected":false},"author":1,"featured_media":0,"parent":365,"menu_order":0,"comment_status":"closed","ping_status":"closed","template":"","meta":{"footnotes":""},"yoast_head":"<!-- This site is optimized with the Yoast SEO plugin v22.7 - https:\/\/yoast.com\/wordpress\/plugins\/seo\/ -->\n<title>Dividers - english.restaurantefrutosdelmar.com<\/title>\n<meta name=\"description\" content=\"El Restaurante Con tradici\u00f3n del chef Sergio Botero. Se encuentra ubicado en Marinilla, Antioquia. Durante los ultimos a\u00f1os ha recibido numerosos reconocimientos. Destacandose como uno de los mejores restaurantes de comida Colombiana del pa\u00eds.\" \/>\n<meta name=\"robots\" content=\"index, follow, max-snippet:-1, max-image-preview:large, max-video-preview:-1\" \/>\n<link rel=\"canonical\" href=\"https:\/\/english.restaurantefrutosdelmar.com\/index.php\/elements\/dividers\/\" \/>\n<meta property=\"og:locale\" content=\"en_US\" \/>\n<meta property=\"og:type\" content=\"article\" \/>\n<meta property=\"og:title\" content=\"Dividers - english.restaurantefrutosdelmar.com\" \/>\n<meta property=\"og:description\" content=\"El Restaurante Con tradici\u00f3n del chef Sergio Botero. Se encuentra ubicado en Marinilla, Antioquia. Durante los ultimos a\u00f1os ha recibido numerosos reconocimientos. Destacandose como uno de los mejores restaurantes de comida Colombiana del pa\u00eds.\" \/>\n<meta property=\"og:url\" content=\"https:\/\/english.restaurantefrutosdelmar.com\/index.php\/elements\/dividers\/\" \/>\n<meta property=\"og:site_name\" content=\"english.restaurantefrutosdelmar.com\" \/>\n<meta property=\"article:publisher\" content=\"https:\/\/es-la.facebook.com\/restaurantecontradicion\/\" \/>\n<meta name=\"twitter:card\" content=\"summary_large_image\" \/>\n<meta name=\"twitter:label1\" content=\"Est. reading time\" \/>\n\t<meta name=\"twitter:data1\" content=\"3 minutes\" \/>\n<script type=\"application\/ld+json\" class=\"yoast-schema-graph\">{\"@context\":\"https:\/\/schema.org\",\"@graph\":[{\"@type\":\"WebPage\",\"@id\":\"https:\/\/english.restaurantefrutosdelmar.com\/index.php\/elements\/dividers\/\",\"url\":\"https:\/\/english.restaurantefrutosdelmar.com\/index.php\/elements\/dividers\/\",\"name\":\"Dividers - english.restaurantefrutosdelmar.com\",\"isPartOf\":{\"@id\":\"https:\/\/english.restaurantefrutosdelmar.com\/#website\"},\"datePublished\":\"2018-07-05T10:14:25+00:00\",\"dateModified\":\"2018-07-05T10:14:25+00:00\",\"description\":\"El Restaurante Con tradici\u00f3n del chef Sergio Botero. Se encuentra ubicado en Marinilla, Antioquia. Durante los ultimos a\u00f1os ha recibido numerosos reconocimientos. Destacandose como uno de los mejores restaurantes de comida Colombiana del pa\u00eds.\",\"breadcrumb\":{\"@id\":\"https:\/\/english.restaurantefrutosdelmar.com\/index.php\/elements\/dividers\/#breadcrumb\"},\"inLanguage\":\"en-US\",\"potentialAction\":[{\"@type\":\"ReadAction\",\"target\":[\"https:\/\/english.restaurantefrutosdelmar.com\/index.php\/elements\/dividers\/\"]}]},{\"@type\":\"BreadcrumbList\",\"@id\":\"https:\/\/english.restaurantefrutosdelmar.com\/index.php\/elements\/dividers\/#breadcrumb\",\"itemListElement\":[{\"@type\":\"ListItem\",\"position\":1,\"name\":\"Home\",\"item\":\"https:\/\/english.restaurantefrutosdelmar.com\/\"},{\"@type\":\"ListItem\",\"position\":2,\"name\":\"Elements\",\"item\":\"https:\/\/english.restaurantefrutosdelmar.com\/index.php\/elements\/\"},{\"@type\":\"ListItem\",\"position\":3,\"name\":\"Dividers\"}]},{\"@type\":\"WebSite\",\"@id\":\"https:\/\/english.restaurantefrutosdelmar.com\/#website\",\"url\":\"https:\/\/english.restaurantefrutosdelmar.com\/\",\"name\":\"english.restaurantefrutosdelmar.com\",\"description\":\"\",\"publisher\":{\"@id\":\"https:\/\/english.restaurantefrutosdelmar.com\/#organization\"},\"potentialAction\":[{\"@type\":\"SearchAction\",\"target\":{\"@type\":\"EntryPoint\",\"urlTemplate\":\"https:\/\/english.restaurantefrutosdelmar.com\/?s={search_term_string}\"},\"query-input\":\"required name=search_term_string\"}],\"inLanguage\":\"en-US\"},{\"@type\":\"Organization\",\"@id\":\"https:\/\/english.restaurantefrutosdelmar.com\/#organization\",\"name\":\"Con tradicion Restaurante\",\"url\":\"https:\/\/english.restaurantefrutosdelmar.com\/\",\"logo\":{\"@type\":\"ImageObject\",\"inLanguage\":\"en-US\",\"@id\":\"https:\/\/english.restaurantefrutosdelmar.com\/#\/schema\/logo\/image\/\",\"url\":\"https:\/\/english.restaurantefrutosdelmar.com\/wp-content\/uploads\/2022\/12\/Contradicion-Restaurante.png\",\"contentUrl\":\"https:\/\/english.restaurantefrutosdelmar.com\/wp-content\/uploads\/2022\/12\/Contradicion-Restaurante.png\",\"width\":2090,\"height\":1324,\"caption\":\"Con tradicion Restaurante\"},\"image\":{\"@id\":\"https:\/\/english.restaurantefrutosdelmar.com\/#\/schema\/logo\/image\/\"},\"sameAs\":[\"https:\/\/es-la.facebook.com\/restaurantecontradicion\/\"]}]}<\/script>\n<!-- \/ Yoast SEO plugin. -->","yoast_head_json":{"title":"Dividers - english.restaurantefrutosdelmar.com","description":"El Restaurante Con tradici\u00f3n del chef Sergio Botero. Se encuentra ubicado en Marinilla, Antioquia. Durante los ultimos a\u00f1os ha recibido numerosos reconocimientos. Destacandose como uno de los mejores restaurantes de comida Colombiana del pa\u00eds.","robots":{"index":"index","follow":"follow","max-snippet":"max-snippet:-1","max-image-preview":"max-image-preview:large","max-video-preview":"max-video-preview:-1"},"canonical":"https:\/\/english.restaurantefrutosdelmar.com\/index.php\/elements\/dividers\/","og_locale":"en_US","og_type":"article","og_title":"Dividers - english.restaurantefrutosdelmar.com","og_description":"El Restaurante Con tradici\u00f3n del chef Sergio Botero. Se encuentra ubicado en Marinilla, Antioquia. Durante los ultimos a\u00f1os ha recibido numerosos reconocimientos. Destacandose como uno de los mejores restaurantes de comida Colombiana del pa\u00eds.","og_url":"https:\/\/english.restaurantefrutosdelmar.com\/index.php\/elements\/dividers\/","og_site_name":"english.restaurantefrutosdelmar.com","article_publisher":"https:\/\/es-la.facebook.com\/restaurantecontradicion\/","twitter_card":"summary_large_image","twitter_misc":{"Est. reading time":"3 minutes"},"schema":{"@context":"https:\/\/schema.org","@graph":[{"@type":"WebPage","@id":"https:\/\/english.restaurantefrutosdelmar.com\/index.php\/elements\/dividers\/","url":"https:\/\/english.restaurantefrutosdelmar.com\/index.php\/elements\/dividers\/","name":"Dividers - english.restaurantefrutosdelmar.com","isPartOf":{"@id":"https:\/\/english.restaurantefrutosdelmar.com\/#website"},"datePublished":"2018-07-05T10:14:25+00:00","dateModified":"2018-07-05T10:14:25+00:00","description":"El Restaurante Con tradici\u00f3n del chef Sergio Botero. Se encuentra ubicado en Marinilla, Antioquia. Durante los ultimos a\u00f1os ha recibido numerosos reconocimientos. Destacandose como uno de los mejores restaurantes de comida Colombiana del pa\u00eds.","breadcrumb":{"@id":"https:\/\/english.restaurantefrutosdelmar.com\/index.php\/elements\/dividers\/#breadcrumb"},"inLanguage":"en-US","potentialAction":[{"@type":"ReadAction","target":["https:\/\/english.restaurantefrutosdelmar.com\/index.php\/elements\/dividers\/"]}]},{"@type":"BreadcrumbList","@id":"https:\/\/english.restaurantefrutosdelmar.com\/index.php\/elements\/dividers\/#breadcrumb","itemListElement":[{"@type":"ListItem","position":1,"name":"Home","item":"https:\/\/english.restaurantefrutosdelmar.com\/"},{"@type":"ListItem","position":2,"name":"Elements","item":"https:\/\/english.restaurantefrutosdelmar.com\/index.php\/elements\/"},{"@type":"ListItem","position":3,"name":"Dividers"}]},{"@type":"WebSite","@id":"https:\/\/english.restaurantefrutosdelmar.com\/#website","url":"https:\/\/english.restaurantefrutosdelmar.com\/","name":"english.restaurantefrutosdelmar.com","description":"","publisher":{"@id":"https:\/\/english.restaurantefrutosdelmar.com\/#organization"},"potentialAction":[{"@type":"SearchAction","target":{"@type":"EntryPoint","urlTemplate":"https:\/\/english.restaurantefrutosdelmar.com\/?s={search_term_string}"},"query-input":"required name=search_term_string"}],"inLanguage":"en-US"},{"@type":"Organization","@id":"https:\/\/english.restaurantefrutosdelmar.com\/#organization","name":"Con tradicion Restaurante","url":"https:\/\/english.restaurantefrutosdelmar.com\/","logo":{"@type":"ImageObject","inLanguage":"en-US","@id":"https:\/\/english.restaurantefrutosdelmar.com\/#\/schema\/logo\/image\/","url":"https:\/\/english.restaurantefrutosdelmar.com\/wp-content\/uploads\/2022\/12\/Contradicion-Restaurante.png","contentUrl":"https:\/\/english.restaurantefrutosdelmar.com\/wp-content\/uploads\/2022\/12\/Contradicion-Restaurante.png","width":2090,"height":1324,"caption":"Con tradicion Restaurante"},"image":{"@id":"https:\/\/english.restaurantefrutosdelmar.com\/#\/schema\/logo\/image\/"},"sameAs":["https:\/\/es-la.facebook.com\/restaurantecontradicion\/"]}]}},"_links":{"self":[{"href":"https:\/\/english.restaurantefrutosdelmar.com\/index.php\/wp-json\/wp\/v2\/pages\/700"}],"collection":[{"href":"https:\/\/english.restaurantefrutosdelmar.com\/index.php\/wp-json\/wp\/v2\/pages"}],"about":[{"href":"https:\/\/english.restaurantefrutosdelmar.com\/index.php\/wp-json\/wp\/v2\/types\/page"}],"author":[{"embeddable":true,"href":"https:\/\/english.restaurantefrutosdelmar.com\/index.php\/wp-json\/wp\/v2\/users\/1"}],"replies":[{"embeddable":true,"href":"https:\/\/english.restaurantefrutosdelmar.com\/index.php\/wp-json\/wp\/v2\/comments?post=700"}],"version-history":[{"count":0,"href":"https:\/\/english.restaurantefrutosdelmar.com\/index.php\/wp-json\/wp\/v2\/pages\/700\/revisions"}],"up":[{"embeddable":true,"href":"https:\/\/english.restaurantefrutosdelmar.com\/index.php\/wp-json\/wp\/v2\/pages\/365"}],"wp:attachment":[{"href":"https:\/\/english.restaurantefrutosdelmar.com\/index.php\/wp-json\/wp\/v2\/media?parent=700"}],"curies":[{"name":"wp","href":"https:\/\/api.w.org\/{rel}","templated":true}]}}