{"id":633,"date":"2018-07-05T02:52:58","date_gmt":"2018-07-05T02:52:58","guid":{"rendered":"https:\/\/english.restaurantefrutosdelmar.com\/index.php\/elements\/social-networks\/"},"modified":"2018-07-05T02:52:58","modified_gmt":"2018-07-05T02:52:58","slug":"social-networks","status":"publish","type":"page","link":"https:\/\/english.restaurantefrutosdelmar.com\/index.php\/elements\/social-networks\/","title":{"rendered":"Social Networks"},"content":{"rendered":"<section class=\"wpb-content-wrapper\"><p>[vc_row full_width=&#8221;stretch_row&#8221; background_color=&#8221;custom&#8221; custom_background_color=&#8221;#000000&#8243;][vc_column][tm_spacer size=&#8221;lg:80&#8243;][tm_social_networks style=&#8221;extra-large-icons&#8221; align=&#8221;center&#8221; tooltip_enable=&#8221;1&#8243; tooltip_skin=&#8221;white&#8221; icon_color=&#8221;custom&#8221; custom_icon_color=&#8221;#ffffff&#8221; icon_hover_color=&#8221;custom&#8221; custom_icon_hover_color=&#8221;rgba(255,255,255,0.5)&#8221;][tm_spacer size=&#8221;lg:80&#8243;][\/vc_column][\/vc_row][vc_row full_width=&#8221;stretch_row&#8221; background_color=&#8221;primary&#8221;][vc_column][tm_spacer size=&#8221;lg:95&#8243;][tm_social_networks style=&#8221;title&#8221; align=&#8221;center&#8221; items=&#8221;%5B%7B%22title%22%3A%22Facebook%22%2C%22link%22%3A%22%23%22%2C%22icon_fontawesome%22%3A%22fab%20fa-facebook%22%7D%2C%7B%22title%22%3A%22Twitter%22%2C%22link%22%3A%22%23%22%2C%22icon_fontawesome%22%3A%22fab%20fa-facebook%22%7D%2C%7B%22title%22%3A%22Instagram%22%2C%22link%22%3A%22%23%22%2C%22icon_fontawesome%22%3A%22fab%20fa-facebook%22%7D%2C%7B%22title%22%3A%22Dribbble%22%2C%22link%22%3A%22%23%22%2C%22icon_fontawesome%22%3A%22fab%20fa-facebook%22%7D%2C%7B%22title%22%3A%22Pinterest%22%2C%22link%22%3A%22%23%22%2C%22icon_fontawesome%22%3A%22fab%20fa-facebook%22%7D%5D&#8221; text_color=&#8221;custom&#8221; custom_text_color=&#8221;#ffffff&#8221; text_hover_color=&#8221;custom&#8221; custom_text_hover_color=&#8221;#ffffff&#8221;][tm_spacer size=&#8221;lg:95&#8243;][\/vc_column][\/vc_row][vc_row full_width=&#8221;stretch_row&#8221; background_color=&#8221;custom&#8221; custom_background_color=&#8221;#000000&#8243;][vc_column][tm_spacer size=&#8221;lg:85&#8243;][tm_social_networks style=&#8221;large-icons&#8221; align=&#8221;center&#8221; tooltip_enable=&#8221;1&#8243; tooltip_skin=&#8221;primary&#8221; icon_color=&#8221;custom&#8221; custom_icon_color=&#8221;#ffffff&#8221; icon_hover_color=&#8221;custom&#8221; custom_icon_hover_color=&#8221;rgba(255,255,255,0.5)&#8221;][tm_spacer size=&#8221;lg:85&#8243;][\/vc_column][\/vc_row][vc_row full_width=&#8221;stretch_row&#8221;][vc_column][tm_spacer size=&#8221;lg:80&#8243;][tm_social_networks style=&#8221;flat-rounded-icon&#8221; align=&#8221;center&#8221;][tm_spacer size=&#8221;lg:80&#8243;][\/vc_column][\/vc_row][vc_row full_width=&#8221;stretch_row&#8221; background_color=&#8221;primary&#8221;][vc_column][tm_spacer size=&#8221;lg:80&#8243;][tm_social_networks style=&#8221;solid-rounded-icon&#8221; align=&#8221;center&#8221; icon_color=&#8221;custom&#8221; custom_icon_color=&#8221;#ffffff&#8221; icon_hover_color=&#8221;custom&#8221; custom_icon_hover_color=&#8221;#222222&#8243; border_color=&#8221;custom&#8221; custom_border_color=&#8221;rgba(255,255,255,0.21)&#8221; border_hover_color=&#8221;custom&#8221; custom_border_hover_color=&#8221;#ffffff&#8221; background_hover_color=&#8221;custom&#8221; custom_background_hover_color=&#8221;#ffffff&#8221;][tm_spacer size=&#8221;lg:80&#8243;][\/vc_column][\/vc_row]<\/p>\n<\/section>","protected":false},"excerpt":{"rendered":"<p>[vc_row full_width=&#8221;stretch_row&#8221; background_color=&#8221;custom&#8221; custom_background_color=&#8221;#000000&#8243;][vc_column][tm_spacer size=&#8221;lg:80&#8243;][tm_social_networks style=&#8221;extra-large-icons&#8221; align=&#8221;center&#8221; tooltip_enable=&#8221;1&#8243; tooltip_skin=&#8221;white&#8221; icon_color=&#8221;custom&#8221; custom_icon_color=&#8221;#ffffff&#8221; icon_hover_color=&#8221;custom&#8221; custom_icon_hover_color=&#8221;rgba(255,255,255,0.5)&#8221;][tm_spacer size=&#8221;lg:80&#8243;][\/vc_column][\/vc_row][vc_row full_width=&#8221;stretch_row&#8221; background_color=&#8221;primary&#8221;][vc_column][tm_spacer size=&#8221;lg:95&#8243;][tm_social_networks style=&#8221;title&#8221; align=&#8221;center&#8221; items=&#8221;%5B%7B%22title%22%3A%22Facebook%22%2C%22link%22%3A%22%23%22%2C%22icon_fontawesome%22%3A%22fab%20fa-facebook%22%7D%2C%7B%22title%22%3A%22Twitter%22%2C%22link%22%3A%22%23%22%2C%22icon_fontawesome%22%3A%22fab%20fa-facebook%22%7D%2C%7B%22title%22%3A%22Instagram%22%2C%22link%22%3A%22%23%22%2C%22icon_fontawesome%22%3A%22fab%20fa-facebook%22%7D%2C%7B%22title%22%3A%22Dribbble%22%2C%22link%22%3A%22%23%22%2C%22icon_fontawesome%22%3A%22fab%20fa-facebook%22%7D%2C%7B%22title%22%3A%22Pinterest%22%2C%22link%22%3A%22%23%22%2C%22icon_fontawesome%22%3A%22fab%20fa-facebook%22%7D%5D&#8221; text_color=&#8221;custom&#8221; custom_text_color=&#8221;#ffffff&#8221; text_hover_color=&#8221;custom&#8221; custom_text_hover_color=&#8221;#ffffff&#8221;][tm_spacer size=&#8221;lg:95&#8243;][\/vc_column][\/vc_row][vc_row full_width=&#8221;stretch_row&#8221; background_color=&#8221;custom&#8221; custom_background_color=&#8221;#000000&#8243;][vc_column][tm_spacer size=&#8221;lg:85&#8243;][tm_social_networks style=&#8221;large-icons&#8221; align=&#8221;center&#8221; tooltip_enable=&#8221;1&#8243; tooltip_skin=&#8221;primary&#8221; icon_color=&#8221;custom&#8221; custom_icon_color=&#8221;#ffffff&#8221; icon_hover_color=&#8221;custom&#8221; custom_icon_hover_color=&#8221;rgba(255,255,255,0.5)&#8221;][tm_spacer size=&#8221;lg:85&#8243;][\/vc_column][\/vc_row][vc_row full_width=&#8221;stretch_row&#8221;][vc_column][tm_spacer size=&#8221;lg:80&#8243;][tm_social_networks style=&#8221;flat-rounded-icon&#8221; align=&#8221;center&#8221;][tm_spacer size=&#8221;lg:80&#8243;][\/vc_column][\/vc_row][vc_row full_width=&#8221;stretch_row&#8221; background_color=&#8221;primary&#8221;][vc_column][tm_spacer size=&#8221;lg:80&#8243;][tm_social_networks style=&#8221;solid-rounded-icon&#8221; align=&#8221;center&#8221; icon_color=&#8221;custom&#8221; custom_icon_color=&#8221;#ffffff&#8221; icon_hover_color=&#8221;custom&#8221; custom_icon_hover_color=&#8221;#222222&#8243; border_color=&#8221;custom&#8221; custom_border_color=&#8221;rgba(255,255,255,0.21)&#8221; border_hover_color=&#8221;custom&#8221; custom_border_hover_color=&#8221;#ffffff&#8221; background_hover_color=&#8221;custom&#8221; custom_background_hover_color=&#8221;#ffffff&#8221;][tm_spacer size=&#8221;lg:80&#8243;][\/vc_column][\/vc_row]<\/p>\n","protected":false},"author":1,"featured_media":0,"parent":365,"menu_order":0,"comment_status":"closed","ping_status":"closed","template":"","meta":{"footnotes":""},"yoast_head":"<!-- This site is optimized with the Yoast SEO plugin v22.7 - https:\/\/yoast.com\/wordpress\/plugins\/seo\/ -->\n<title>Social Networks - english.restaurantefrutosdelmar.com<\/title>\n<meta name=\"description\" content=\"El Restaurante Con tradici\u00f3n del chef Sergio Botero. Se encuentra ubicado en Marinilla, Antioquia. Durante los ultimos a\u00f1os ha recibido numerosos reconocimientos. Destacandose como uno de los mejores restaurantes de comida Colombiana del pa\u00eds.\" \/>\n<meta name=\"robots\" content=\"index, follow, max-snippet:-1, max-image-preview:large, max-video-preview:-1\" \/>\n<link rel=\"canonical\" href=\"https:\/\/english.restaurantefrutosdelmar.com\/index.php\/elements\/social-networks\/\" \/>\n<meta property=\"og:locale\" content=\"en_US\" \/>\n<meta property=\"og:type\" content=\"article\" \/>\n<meta property=\"og:title\" content=\"Social Networks - english.restaurantefrutosdelmar.com\" \/>\n<meta property=\"og:description\" content=\"El Restaurante Con tradici\u00f3n del chef Sergio Botero. Se encuentra ubicado en Marinilla, Antioquia. Durante los ultimos a\u00f1os ha recibido numerosos reconocimientos. Destacandose como uno de los mejores restaurantes de comida Colombiana del pa\u00eds.\" \/>\n<meta property=\"og:url\" content=\"https:\/\/english.restaurantefrutosdelmar.com\/index.php\/elements\/social-networks\/\" \/>\n<meta property=\"og:site_name\" content=\"english.restaurantefrutosdelmar.com\" \/>\n<meta property=\"article:publisher\" content=\"https:\/\/es-la.facebook.com\/restaurantecontradicion\/\" \/>\n<meta name=\"twitter:card\" content=\"summary_large_image\" \/>\n<meta name=\"twitter:label1\" content=\"Est. reading time\" \/>\n\t<meta name=\"twitter:data1\" content=\"2 minutes\" \/>\n<script type=\"application\/ld+json\" class=\"yoast-schema-graph\">{\"@context\":\"https:\/\/schema.org\",\"@graph\":[{\"@type\":\"WebPage\",\"@id\":\"https:\/\/english.restaurantefrutosdelmar.com\/index.php\/elements\/social-networks\/\",\"url\":\"https:\/\/english.restaurantefrutosdelmar.com\/index.php\/elements\/social-networks\/\",\"name\":\"Social Networks - english.restaurantefrutosdelmar.com\",\"isPartOf\":{\"@id\":\"https:\/\/english.restaurantefrutosdelmar.com\/#website\"},\"datePublished\":\"2018-07-05T02:52:58+00:00\",\"dateModified\":\"2018-07-05T02:52:58+00:00\",\"description\":\"El Restaurante Con tradici\u00f3n del chef Sergio Botero. Se encuentra ubicado en Marinilla, Antioquia. Durante los ultimos a\u00f1os ha recibido numerosos reconocimientos. Destacandose como uno de los mejores restaurantes de comida Colombiana del pa\u00eds.\",\"breadcrumb\":{\"@id\":\"https:\/\/english.restaurantefrutosdelmar.com\/index.php\/elements\/social-networks\/#breadcrumb\"},\"inLanguage\":\"en-US\",\"potentialAction\":[{\"@type\":\"ReadAction\",\"target\":[\"https:\/\/english.restaurantefrutosdelmar.com\/index.php\/elements\/social-networks\/\"]}]},{\"@type\":\"BreadcrumbList\",\"@id\":\"https:\/\/english.restaurantefrutosdelmar.com\/index.php\/elements\/social-networks\/#breadcrumb\",\"itemListElement\":[{\"@type\":\"ListItem\",\"position\":1,\"name\":\"Home\",\"item\":\"https:\/\/english.restaurantefrutosdelmar.com\/\"},{\"@type\":\"ListItem\",\"position\":2,\"name\":\"Elements\",\"item\":\"https:\/\/english.restaurantefrutosdelmar.com\/index.php\/elements\/\"},{\"@type\":\"ListItem\",\"position\":3,\"name\":\"Social Networks\"}]},{\"@type\":\"WebSite\",\"@id\":\"https:\/\/english.restaurantefrutosdelmar.com\/#website\",\"url\":\"https:\/\/english.restaurantefrutosdelmar.com\/\",\"name\":\"english.restaurantefrutosdelmar.com\",\"description\":\"\",\"publisher\":{\"@id\":\"https:\/\/english.restaurantefrutosdelmar.com\/#organization\"},\"potentialAction\":[{\"@type\":\"SearchAction\",\"target\":{\"@type\":\"EntryPoint\",\"urlTemplate\":\"https:\/\/english.restaurantefrutosdelmar.com\/?s={search_term_string}\"},\"query-input\":\"required name=search_term_string\"}],\"inLanguage\":\"en-US\"},{\"@type\":\"Organization\",\"@id\":\"https:\/\/english.restaurantefrutosdelmar.com\/#organization\",\"name\":\"Con tradicion Restaurante\",\"url\":\"https:\/\/english.restaurantefrutosdelmar.com\/\",\"logo\":{\"@type\":\"ImageObject\",\"inLanguage\":\"en-US\",\"@id\":\"https:\/\/english.restaurantefrutosdelmar.com\/#\/schema\/logo\/image\/\",\"url\":\"https:\/\/english.restaurantefrutosdelmar.com\/wp-content\/uploads\/2022\/12\/Contradicion-Restaurante.png\",\"contentUrl\":\"https:\/\/english.restaurantefrutosdelmar.com\/wp-content\/uploads\/2022\/12\/Contradicion-Restaurante.png\",\"width\":2090,\"height\":1324,\"caption\":\"Con tradicion Restaurante\"},\"image\":{\"@id\":\"https:\/\/english.restaurantefrutosdelmar.com\/#\/schema\/logo\/image\/\"},\"sameAs\":[\"https:\/\/es-la.facebook.com\/restaurantecontradicion\/\"]}]}<\/script>\n<!-- \/ Yoast SEO plugin. -->","yoast_head_json":{"title":"Social Networks - english.restaurantefrutosdelmar.com","description":"El Restaurante Con tradici\u00f3n del chef Sergio Botero. Se encuentra ubicado en Marinilla, Antioquia. Durante los ultimos a\u00f1os ha recibido numerosos reconocimientos. Destacandose como uno de los mejores restaurantes de comida Colombiana del pa\u00eds.","robots":{"index":"index","follow":"follow","max-snippet":"max-snippet:-1","max-image-preview":"max-image-preview:large","max-video-preview":"max-video-preview:-1"},"canonical":"https:\/\/english.restaurantefrutosdelmar.com\/index.php\/elements\/social-networks\/","og_locale":"en_US","og_type":"article","og_title":"Social Networks - english.restaurantefrutosdelmar.com","og_description":"El Restaurante Con tradici\u00f3n del chef Sergio Botero. Se encuentra ubicado en Marinilla, Antioquia. Durante los ultimos a\u00f1os ha recibido numerosos reconocimientos. Destacandose como uno de los mejores restaurantes de comida Colombiana del pa\u00eds.","og_url":"https:\/\/english.restaurantefrutosdelmar.com\/index.php\/elements\/social-networks\/","og_site_name":"english.restaurantefrutosdelmar.com","article_publisher":"https:\/\/es-la.facebook.com\/restaurantecontradicion\/","twitter_card":"summary_large_image","twitter_misc":{"Est. reading time":"2 minutes"},"schema":{"@context":"https:\/\/schema.org","@graph":[{"@type":"WebPage","@id":"https:\/\/english.restaurantefrutosdelmar.com\/index.php\/elements\/social-networks\/","url":"https:\/\/english.restaurantefrutosdelmar.com\/index.php\/elements\/social-networks\/","name":"Social Networks - english.restaurantefrutosdelmar.com","isPartOf":{"@id":"https:\/\/english.restaurantefrutosdelmar.com\/#website"},"datePublished":"2018-07-05T02:52:58+00:00","dateModified":"2018-07-05T02:52:58+00:00","description":"El Restaurante Con tradici\u00f3n del chef Sergio Botero. Se encuentra ubicado en Marinilla, Antioquia. Durante los ultimos a\u00f1os ha recibido numerosos reconocimientos. Destacandose como uno de los mejores restaurantes de comida Colombiana del pa\u00eds.","breadcrumb":{"@id":"https:\/\/english.restaurantefrutosdelmar.com\/index.php\/elements\/social-networks\/#breadcrumb"},"inLanguage":"en-US","potentialAction":[{"@type":"ReadAction","target":["https:\/\/english.restaurantefrutosdelmar.com\/index.php\/elements\/social-networks\/"]}]},{"@type":"BreadcrumbList","@id":"https:\/\/english.restaurantefrutosdelmar.com\/index.php\/elements\/social-networks\/#breadcrumb","itemListElement":[{"@type":"ListItem","position":1,"name":"Home","item":"https:\/\/english.restaurantefrutosdelmar.com\/"},{"@type":"ListItem","position":2,"name":"Elements","item":"https:\/\/english.restaurantefrutosdelmar.com\/index.php\/elements\/"},{"@type":"ListItem","position":3,"name":"Social Networks"}]},{"@type":"WebSite","@id":"https:\/\/english.restaurantefrutosdelmar.com\/#website","url":"https:\/\/english.restaurantefrutosdelmar.com\/","name":"english.restaurantefrutosdelmar.com","description":"","publisher":{"@id":"https:\/\/english.restaurantefrutosdelmar.com\/#organization"},"potentialAction":[{"@type":"SearchAction","target":{"@type":"EntryPoint","urlTemplate":"https:\/\/english.restaurantefrutosdelmar.com\/?s={search_term_string}"},"query-input":"required name=search_term_string"}],"inLanguage":"en-US"},{"@type":"Organization","@id":"https:\/\/english.restaurantefrutosdelmar.com\/#organization","name":"Con tradicion Restaurante","url":"https:\/\/english.restaurantefrutosdelmar.com\/","logo":{"@type":"ImageObject","inLanguage":"en-US","@id":"https:\/\/english.restaurantefrutosdelmar.com\/#\/schema\/logo\/image\/","url":"https:\/\/english.restaurantefrutosdelmar.com\/wp-content\/uploads\/2022\/12\/Contradicion-Restaurante.png","contentUrl":"https:\/\/english.restaurantefrutosdelmar.com\/wp-content\/uploads\/2022\/12\/Contradicion-Restaurante.png","width":2090,"height":1324,"caption":"Con tradicion Restaurante"},"image":{"@id":"https:\/\/english.restaurantefrutosdelmar.com\/#\/schema\/logo\/image\/"},"sameAs":["https:\/\/es-la.facebook.com\/restaurantecontradicion\/"]}]}},"_links":{"self":[{"href":"https:\/\/english.restaurantefrutosdelmar.com\/index.php\/wp-json\/wp\/v2\/pages\/633"}],"collection":[{"href":"https:\/\/english.restaurantefrutosdelmar.com\/index.php\/wp-json\/wp\/v2\/pages"}],"about":[{"href":"https:\/\/english.restaurantefrutosdelmar.com\/index.php\/wp-json\/wp\/v2\/types\/page"}],"author":[{"embeddable":true,"href":"https:\/\/english.restaurantefrutosdelmar.com\/index.php\/wp-json\/wp\/v2\/users\/1"}],"replies":[{"embeddable":true,"href":"https:\/\/english.restaurantefrutosdelmar.com\/index.php\/wp-json\/wp\/v2\/comments?post=633"}],"version-history":[{"count":0,"href":"https:\/\/english.restaurantefrutosdelmar.com\/index.php\/wp-json\/wp\/v2\/pages\/633\/revisions"}],"up":[{"embeddable":true,"href":"https:\/\/english.restaurantefrutosdelmar.com\/index.php\/wp-json\/wp\/v2\/pages\/365"}],"wp:attachment":[{"href":"https:\/\/english.restaurantefrutosdelmar.com\/index.php\/wp-json\/wp\/v2\/media?parent=633"}],"curies":[{"name":"wp","href":"https:\/\/api.w.org\/{rel}","templated":true}]}}